{"id":7658,"date":"2019-02-26T10:38:46","date_gmt":"2019-02-26T09:38:46","guid":{"rendered":"https:\/\/photowalkinglanzarote.es\/?page_id=7658"},"modified":"2019-02-26T10:39:03","modified_gmt":"2019-02-26T09:39:03","slug":"politica-dei-cookies","status":"publish","type":"page","link":"https:\/\/photowalkinglanzarote.es\/it\/politica-dei-cookies\/","title":{"rendered":"Politica dei cookies"},"content":{"rendered":"<p>[et_pb_section fb_built=&#8221;1&#8243; _builder_version=&#8221;3.19.17&#8243;][et_pb_row _builder_version=&#8221;3.19.17&#8243;][et_pb_column type=&#8221;4_4&#8243; _builder_version=&#8221;3.19.17&#8243;][et_pb_text _builder_version=&#8221;3.19.17&#8243; text_font=&#8221;||||||||&#8221; text_text_color=&#8221;#383d42&#8243;]<\/p>\n<h1>Pol\u00edtica de cookies<\/h1>\n<p>INFORMACI\u00d3N SOBRE COOKIES<\/p>\n<p>Debido a la entrada en vigor de la referente modificaci\u00f3n de la \u201cLey de Servicios de la Sociedad de la Informaci\u00f3n\u201d (LSSICE) establecida por el Real Decreto 13\/2012, es de obligaci\u00f3n obtener el consentimiento expreso del usuario de todas las p\u00e1ginas web que usan cookies prescindibles, antes de que \u00e9ste navegue por ellas.<\/p>\n<p>\u00bfQU\u00c9 SON LAS COOKIES?<\/p>\n<p>Las cookies y otras tecnolog\u00edas similares tales como local shared objects, flash cookies o p\u00edxeles, son herramientas empleadas por los servidores Web para almacenar y recuperar informaci\u00f3n acerca de sus visitantes, as\u00ed como para ofrecer un correcto funcionamiento del sitio.<\/p>\n<p>Mediante el uso de estos dispositivos se permite al servidor Web recordar algunos datos concernientes al usuario, como sus preferencias para la visualizaci\u00f3n de las p\u00e1ginas de ese servidor, nombre y contrase\u00f1a, productos que m\u00e1s le interesan, etc.<\/p>\n<p>COOKIES AFECTADAS POR LA NORMATIVA Y COOKIES EXCEPTUADAS<\/p>\n<p>Seg\u00fan la directiva de la UE, las cookies que requieren el consentimiento informado por parte del usuario son las cookies de anal\u00edtica y las de publicidad y afiliaci\u00f3n, quedando exceptuadas las de car\u00e1cter t\u00e9cnico y las necesarias para el funcionamiento del sitio web o la prestaci\u00f3n de servicios expresamente solicitados por el usuario.<\/p>\n<p>\u00bfQU\u00c9 TIPOS DE COOKIES EXISTEN?<\/p>\n<p>Sobre los tipos de cookies, existen cinco grandes grupos:<\/p>\n<p>Cookies anal\u00edticas: recogen informaci\u00f3n del uso que se realiza del sitio web.<br \/> Cookies sociales: son aquellas necesarias para redes sociales externas.<\/p>\n<p>Cookies de afiliados: permiten hacer un seguimiento de las visitas procedentes de otras webs, con las que el sitio web establece un contrato de afiliaci\u00f3n (empresas de afiliaci\u00f3n).<\/p>\n<p>Cookies de publicidad y comportamentales: recogen informaci\u00f3n sobre las preferencias y elecciones personales del usuario (retargeting).<\/p>\n<p>Cookies t\u00e9cnicas y funcionales: son las estrictamente necesarias para el uso del sitio web y para la prestaci\u00f3n del servicio contratado.<\/p>\n<p>COOKIES QUE SE UTILIZAN EN ESTE SITIO WEB<\/p>\n<p>PHPSESSID: cookie t\u00e9cnica y estrictamente necesaria que contiene el identificador de la sesi\u00f3n. Se elimina al cerrar el navegador.<\/p>\n<p>_lang: cookie t\u00e9cnica y estrictamente necesaria que contiene el idioma de la sesi\u00f3n. Se elimina al cerrar el navegador.<\/p>\n<p>ac_cookies: cookie t\u00e9cnica y estrictamente necesaria que contiene el valor de si se ha aceptado la instalaci\u00f3n de cookies. Caduca en 1 a\u00f1o desde la \u00faltima actualizaci\u00f3n.<\/p>\n<p>_ga: cookie de Google Analytics que habilita la funci\u00f3n de control de visitas \u00fanicas. La primera vez que un usuario entre en el sitio web a trav\u00e9s de un navegador se instalar\u00e1 esta cookie. Cuando este usuario vuelva a entrar en la web con el mismo navegador, la cookie considerar\u00e1 que es el mismo usuario. Solo en el caso de que el usuario cambie de navegador, se considerar\u00e1 otro usuario. Caduca a los 2 a\u00f1os desde la \u00faltima actualizaci\u00f3n.<\/p>\n<p>_gat: Esta cookie se asocia con Google Analytics Universal. Se utiliza para limitar la velocidad de petici\u00f3n \u2013 la limitaci\u00f3n de la recogida de datos en los sitios de alto tr\u00e1fico. Caduca a los 10 minutos.<\/p>\n<p>_utma: cookie de Google Analytics que registra la fecha de la primera y \u00faltima vez que el usuario visti\u00f3 el sitio web. Caduca a los 2 a\u00f1os desde la \u00faltima actualizaci\u00f3n.<\/p>\n<p>_utmb: cookie de Google Analytics que registra la hora de llegada a la p\u00e1gina web. Caduca a los 30 minutos desde la \u00faltima actualizaci\u00f3n.<\/p>\n<p>_utmc: cookie de Google Analytics utilizada para la interoperabilidad con el c\u00f3digo de seguimiento urchin.js. Se elimina al cerrar el navegador.<\/p>\n<p>_utmt: cookie de Google Analytics. Esta cookie se utiliza para procesar el tipo de solicitud pedida por el usuario. Caduca al finalizar la sesi\u00f3n.<\/p>\n<p>_utmv: cookie de Google Analytics. Esta cookie se utiliza para segmentar datos demogr\u00e1ficos. Caduca al finalizar la sesi\u00f3n.<\/p>\n<p>_utmz: cookie de Google Analytics que almacena la fuente de tr\u00e1fico o una campa\u00f1a para explicar c\u00f3mo el usuario lleg\u00f3 al sitio web. Caduca a los 6 meses desde la \u00faltima actualizaci\u00f3n.<\/p>\n<p>REVOCACI\u00d3N DEL CONSENTIMIENTO PARA INSTALAR COOKIES<\/p>\n<p>COMO ELIMINAR LAS COOKIES DEL NAVEGADOR<\/p>\n<p>Chrome<\/p>\n<p>1. Selecciona el icono de Herramientas<br \/> 2. Haz clic en Configuraci\u00f3n.<br \/> 3. Haz clic en Mostrar Opciones Avanzadas.<br \/> 4. En la secci\u00f3n \u201cPrivacidad\u201d haz clic en Configuraci\u00f3n de contenido.<br \/> \u2022 Eliminar cookies: Haz clic en Todas las cookies y los datos de sitios\u2026<br \/> \u2022 No permitir que se almacenen cookies.<br \/> 5. Haz clic en Eliminar datos de navegaci\u00f3n (vaciar la Cach\u00e9).<br \/> 6. Cierra y reinicia el navegador.<\/p>\n<p>Para m\u00e1s informaci\u00f3n sobre Chrome pulse aqu\u00ed: <a href=\"http:\/\/support.google.com\/chrome\/answer\/95647?hl=es\" target=\"blank\" rel=\"nofollow noopener noreferrer\">http:\/\/support.google.com\/chrome\/answer\/95647?hl=es<\/a><\/p>\n<p>Internet Explorer. Versi\u00f3n 11<\/p>\n<p>1. Selecciona Herramientas | Opciones de Internet.<br \/> 2. Haz clic en la ficha General.<br \/> 3. En la secci\u00f3n \u201cHistorial de exploraci\u00f3n\u201d, haz clic en Eliminar el historial de exploraci\u00f3n al salir.<br \/> 4. Seleccionar Eliminar archivos.<br \/> 5. Seleccionar Eliminar cookies.<br \/> 6. Haz clic en Eliminar.<br \/> 7. Haz clic en Aceptar.<br \/> 8. Cierra y reinicia el navegador.<\/p>\n<p>Para m\u00e1s informaci\u00f3n sobre Internet Explorer pulse aqu\u00ed: <a href=\"http:\/\/windows.microsoft.com\/es-419\/windows7\/how-to-manage-cookies-in-internet-explorer-9\" target=\"blank\" rel=\"nofollow noopener noreferrer\">http:\/\/windows.microsoft.com\/es-419\/windows7\/how-to-manage-cookies-in-internet-explorer-9<\/a><\/p>\n<p>Firefox. Versi\u00f3n 18<\/p>\n<p>1. Selecciona Firefox | Historial | Limpiar el historial reciente.<br \/> 2. Al lado de \u201cDetalles\u201d, haz clic en la flecha hacia abajo.<br \/> 3. Selecciona las siguientes casillas de verificaci\u00f3n: Cookies, Cach\u00e9, Inicios de sesi\u00f3n activos<br \/> 4. Usando el \u201cIntervalo de tiempo para borrar\u201d en el men\u00fa desplegable, selecciona Todo.<br \/> 5. Haz clic en Borrar ahora.<br \/> 6. Cierra y reinicia el navegador.<\/p>\n<p>Puede aceptar o rechazar las cookies individualmente en las Preferencias de Firefox, en la secci\u00f3n Historial disponible en Herramientas &gt; Opciones &gt; Privacidad.<\/p>\n<p>Para m\u00e1s informaci\u00f3n sobre Mozilla Firefox pulse aqu\u00ed: <a href=\"https:\/\/www.mozilla.org\/es-ES\/privacy\/websites\/#cookies\">https:\/\/www.mozilla.org\/es-ES\/privacy\/websites\/#cookies<\/a><\/p>\n<p>Safari Versi\u00f3n 5.1<\/p>\n<p>1. Selecciona el icono de Safari \/ Editar | Restaurar Safari.<br \/> 2. Selecciona las siguientes casillas de verificaci\u00f3n: Borrar el historial, Eliminar todos los datos de sitio web<br \/> 3. Haz clic en Restablecer.<br \/> 4. Cierra y reinicia el navegador.<\/p>\n<p>Para m\u00e1s informaci\u00f3n sobre Safari pulse aqu\u00ed: <a href=\"http:\/\/support.apple.com\/kb\/PH5042\" rel=\"nofollow noopener noreferrer\" target=\"blank\">http:\/\/support.apple.com\/kb\/PH5042<\/a><\/p>\n<p>Opera<\/p>\n<p>Opciones \u2013 Avanzado \u2013 Cookies.<br \/> Las opciones de cookies controlan el modo en que Opera los maneja y por lo tanto su aceptaci\u00f3n o rechazo.<\/p>\n<p>Para m\u00e1s informaci\u00f3n sobre \u00d3pera pulse aqu\u00ed: <a href=\"http:\/\/help.opera.com\/Linux\/10.60\/es-ES\/cookies.html\" target=\"_blank\" rel=\"nofollow noopener noreferrer\">http:\/\/help.opera.com\/Linux\/10.60\/es-ES\/cookies.html<\/a><\/p>\n<p>Otros navegadores<\/p>\n<p>Consulte la documentaci\u00f3n del navegador que tenga instalado.<\/p>\n<p>[\/et_pb_text][\/et_pb_column][\/et_pb_row][\/et_pb_section]<\/p>\n","protected":false},"excerpt":{"rendered":"<p>Pol\u00edtica de cookies INFORMACI\u00d3N SOBRE COOKIES Debido a la entrada en vigor de la referente modificaci\u00f3n de la \u201cLey de Servicios de la Sociedad de la Informaci\u00f3n\u201d (LSSICE) establecida por el Real Decreto 13\/2012, es de obligaci\u00f3n obtener el consentimiento expreso del usuario de todas las p\u00e1ginas web que usan cookies prescindibles, antes de que [&hellip;]<\/p>\n","protected":false},"author":1,"featured_media":0,"parent":0,"menu_order":0,"comment_status":"closed","ping_status":"closed","template":"","meta":{"_et_pb_use_builder":"on","_et_pb_old_content":"","_et_gb_content_width":"","footnotes":""},"class_list":["post-7658","page","type-page","status-publish","hentry"],"yoast_head":"<!-- This site is optimized with the Yoast SEO plugin v26.3 - https:\/\/yoast.com\/wordpress\/plugins\/seo\/ -->\n<title>Politica dei cookies - Photo Walking Lanzarote<\/title>\n<meta name=\"robots\" content=\"index, follow, max-snippet:-1, max-image-preview:large, max-video-preview:-1\" \/>\n<link rel=\"canonical\" href=\"https:\/\/photowalkinglanzarote.es\/it\/politica-dei-cookies\/\" \/>\n<meta property=\"og:locale\" content=\"it_IT\" \/>\n<meta property=\"og:type\" content=\"article\" \/>\n<meta property=\"og:title\" content=\"Politica dei cookies - Photo Walking Lanzarote\" \/>\n<meta property=\"og:description\" content=\"Pol\u00edtica de cookies INFORMACI\u00d3N SOBRE COOKIES Debido a la entrada en vigor de la referente modificaci\u00f3n de la \u201cLey de Servicios de la Sociedad de la Informaci\u00f3n\u201d (LSSICE) establecida por el Real Decreto 13\/2012, es de obligaci\u00f3n obtener el consentimiento expreso del usuario de todas las p\u00e1ginas web que usan cookies prescindibles, antes de que [&hellip;]\" \/>\n<meta property=\"og:url\" content=\"https:\/\/photowalkinglanzarote.es\/it\/politica-dei-cookies\/\" \/>\n<meta property=\"og:site_name\" content=\"Photo Walking Lanzarote\" \/>\n<meta property=\"article:modified_time\" content=\"2019-02-26T09:39:03+00:00\" \/>\n<meta name=\"twitter:card\" content=\"summary_large_image\" \/>\n<meta name=\"twitter:label1\" content=\"Tempo di lettura stimato\" \/>\n\t<meta name=\"twitter:data1\" content=\"5 minuti\" \/>\n<script type=\"application\/ld+json\" class=\"yoast-schema-graph\">{\"@context\":\"https:\/\/schema.org\",\"@graph\":[{\"@type\":\"WebPage\",\"@id\":\"https:\/\/photowalkinglanzarote.es\/it\/politica-dei-cookies\/\",\"url\":\"https:\/\/photowalkinglanzarote.es\/it\/politica-dei-cookies\/\",\"name\":\"Politica dei cookies - Photo Walking Lanzarote\",\"isPartOf\":{\"@id\":\"https:\/\/photowalkinglanzarote.es\/it\/#website\"},\"datePublished\":\"2019-02-26T09:38:46+00:00\",\"dateModified\":\"2019-02-26T09:39:03+00:00\",\"breadcrumb\":{\"@id\":\"https:\/\/photowalkinglanzarote.es\/it\/politica-dei-cookies\/#breadcrumb\"},\"inLanguage\":\"it-IT\",\"potentialAction\":[{\"@type\":\"ReadAction\",\"target\":[\"https:\/\/photowalkinglanzarote.es\/it\/politica-dei-cookies\/\"]}]},{\"@type\":\"BreadcrumbList\",\"@id\":\"https:\/\/photowalkinglanzarote.es\/it\/politica-dei-cookies\/#breadcrumb\",\"itemListElement\":[{\"@type\":\"ListItem\",\"position\":1,\"name\":\"Home\",\"item\":\"https:\/\/photowalkinglanzarote.es\/it\/\"},{\"@type\":\"ListItem\",\"position\":2,\"name\":\"Politica dei cookies\"}]},{\"@type\":\"WebSite\",\"@id\":\"https:\/\/photowalkinglanzarote.es\/it\/#website\",\"url\":\"https:\/\/photowalkinglanzarote.es\/it\/\",\"name\":\"Photowalking Lanzarote\",\"description\":\"Photo Walking Lanzarote\",\"publisher\":{\"@id\":\"https:\/\/photowalkinglanzarote.es\/it\/#organization\"},\"potentialAction\":[{\"@type\":\"SearchAction\",\"target\":{\"@type\":\"EntryPoint\",\"urlTemplate\":\"https:\/\/photowalkinglanzarote.es\/it\/?s={search_term_string}\"},\"query-input\":{\"@type\":\"PropertyValueSpecification\",\"valueRequired\":true,\"valueName\":\"search_term_string\"}}],\"inLanguage\":\"it-IT\"},{\"@type\":\"Organization\",\"@id\":\"https:\/\/photowalkinglanzarote.es\/it\/#organization\",\"name\":\"Photowalking Lanzarote\",\"url\":\"https:\/\/photowalkinglanzarote.es\/it\/\",\"logo\":{\"@type\":\"ImageObject\",\"inLanguage\":\"it-IT\",\"@id\":\"https:\/\/photowalkinglanzarote.es\/it\/#\/schema\/logo\/image\/\",\"url\":\"https:\/\/photowalkinglanzarote.es\/wp-content\/uploads\/photowalking_logo_320x180_negative-1.png\",\"contentUrl\":\"https:\/\/photowalkinglanzarote.es\/wp-content\/uploads\/photowalking_logo_320x180_negative-1.png\",\"width\":350,\"height\":131,\"caption\":\"Photowalking Lanzarote\"},\"image\":{\"@id\":\"https:\/\/photowalkinglanzarote.es\/it\/#\/schema\/logo\/image\/\"},\"sameAs\":[\"https:\/\/www.instagram.com\/photowalkinglanzarote\/\"]}]}<\/script>\n<!-- \/ Yoast SEO plugin. -->","yoast_head_json":{"title":"Politica dei cookies - Photo Walking Lanzarote","robots":{"index":"index","follow":"follow","max-snippet":"max-snippet:-1","max-image-preview":"max-image-preview:large","max-video-preview":"max-video-preview:-1"},"canonical":"https:\/\/photowalkinglanzarote.es\/it\/politica-dei-cookies\/","og_locale":"it_IT","og_type":"article","og_title":"Politica dei cookies - Photo Walking Lanzarote","og_description":"Pol\u00edtica de cookies INFORMACI\u00d3N SOBRE COOKIES Debido a la entrada en vigor de la referente modificaci\u00f3n de la \u201cLey de Servicios de la Sociedad de la Informaci\u00f3n\u201d (LSSICE) establecida por el Real Decreto 13\/2012, es de obligaci\u00f3n obtener el consentimiento expreso del usuario de todas las p\u00e1ginas web que usan cookies prescindibles, antes de que [&hellip;]","og_url":"https:\/\/photowalkinglanzarote.es\/it\/politica-dei-cookies\/","og_site_name":"Photo Walking Lanzarote","article_modified_time":"2019-02-26T09:39:03+00:00","twitter_card":"summary_large_image","twitter_misc":{"Tempo di lettura stimato":"5 minuti"},"schema":{"@context":"https:\/\/schema.org","@graph":[{"@type":"WebPage","@id":"https:\/\/photowalkinglanzarote.es\/it\/politica-dei-cookies\/","url":"https:\/\/photowalkinglanzarote.es\/it\/politica-dei-cookies\/","name":"Politica dei cookies - Photo Walking Lanzarote","isPartOf":{"@id":"https:\/\/photowalkinglanzarote.es\/it\/#website"},"datePublished":"2019-02-26T09:38:46+00:00","dateModified":"2019-02-26T09:39:03+00:00","breadcrumb":{"@id":"https:\/\/photowalkinglanzarote.es\/it\/politica-dei-cookies\/#breadcrumb"},"inLanguage":"it-IT","potentialAction":[{"@type":"ReadAction","target":["https:\/\/photowalkinglanzarote.es\/it\/politica-dei-cookies\/"]}]},{"@type":"BreadcrumbList","@id":"https:\/\/photowalkinglanzarote.es\/it\/politica-dei-cookies\/#breadcrumb","itemListElement":[{"@type":"ListItem","position":1,"name":"Home","item":"https:\/\/photowalkinglanzarote.es\/it\/"},{"@type":"ListItem","position":2,"name":"Politica dei cookies"}]},{"@type":"WebSite","@id":"https:\/\/photowalkinglanzarote.es\/it\/#website","url":"https:\/\/photowalkinglanzarote.es\/it\/","name":"Photowalking Lanzarote","description":"Photo Walking Lanzarote","publisher":{"@id":"https:\/\/photowalkinglanzarote.es\/it\/#organization"},"potentialAction":[{"@type":"SearchAction","target":{"@type":"EntryPoint","urlTemplate":"https:\/\/photowalkinglanzarote.es\/it\/?s={search_term_string}"},"query-input":{"@type":"PropertyValueSpecification","valueRequired":true,"valueName":"search_term_string"}}],"inLanguage":"it-IT"},{"@type":"Organization","@id":"https:\/\/photowalkinglanzarote.es\/it\/#organization","name":"Photowalking Lanzarote","url":"https:\/\/photowalkinglanzarote.es\/it\/","logo":{"@type":"ImageObject","inLanguage":"it-IT","@id":"https:\/\/photowalkinglanzarote.es\/it\/#\/schema\/logo\/image\/","url":"https:\/\/photowalkinglanzarote.es\/wp-content\/uploads\/photowalking_logo_320x180_negative-1.png","contentUrl":"https:\/\/photowalkinglanzarote.es\/wp-content\/uploads\/photowalking_logo_320x180_negative-1.png","width":350,"height":131,"caption":"Photowalking Lanzarote"},"image":{"@id":"https:\/\/photowalkinglanzarote.es\/it\/#\/schema\/logo\/image\/"},"sameAs":["https:\/\/www.instagram.com\/photowalkinglanzarote\/"]}]}},"_links":{"self":[{"href":"https:\/\/photowalkinglanzarote.es\/it\/wp-json\/wp\/v2\/pages\/7658","targetHints":{"allow":["GET"]}}],"collection":[{"href":"https:\/\/photowalkinglanzarote.es\/it\/wp-json\/wp\/v2\/pages"}],"about":[{"href":"https:\/\/photowalkinglanzarote.es\/it\/wp-json\/wp\/v2\/types\/page"}],"author":[{"embeddable":true,"href":"https:\/\/photowalkinglanzarote.es\/it\/wp-json\/wp\/v2\/users\/1"}],"replies":[{"embeddable":true,"href":"https:\/\/photowalkinglanzarote.es\/it\/wp-json\/wp\/v2\/comments?post=7658"}],"version-history":[{"count":2,"href":"https:\/\/photowalkinglanzarote.es\/it\/wp-json\/wp\/v2\/pages\/7658\/revisions"}],"predecessor-version":[{"id":7661,"href":"https:\/\/photowalkinglanzarote.es\/it\/wp-json\/wp\/v2\/pages\/7658\/revisions\/7661"}],"wp:attachment":[{"href":"https:\/\/photowalkinglanzarote.es\/it\/wp-json\/wp\/v2\/media?parent=7658"}],"curies":[{"name":"wp","href":"https:\/\/api.w.org\/{rel}","templated":true}]}}