{"id":6945,"date":"2019-01-28T03:07:53","date_gmt":"2019-01-28T02:07:53","guid":{"rendered":"https:\/\/photowalkinglanzarote.es\/?page_id=6945"},"modified":"2019-03-07T02:56:14","modified_gmt":"2019-03-07T01:56:14","slug":"uber-uns","status":"publish","type":"page","link":"https:\/\/photowalkinglanzarote.es\/de\/uber-uns\/","title":{"rendered":"\u00dcber uns"},"content":{"rendered":"<p>[et_pb_section fb_built=&#8220;1&#8243; fullwidth=&#8220;on&#8220; _builder_version=&#8220;3.19.4&#8243; saved_tabs=&#8220;all&#8220; locked=&#8220;off&#8220;][et_pb_fullwidth_image src=&#8220;https:\/\/photowalkinglanzarote.es\/wp-content\/uploads\/slide-about-us-photo-walking-lanzarote.jpg&#8220; disabled_on=&#8220;on|on|off&#8220; _builder_version=&#8220;3.19.18&#8243;][\/et_pb_fullwidth_image][et_pb_fullwidth_image src=&#8220;https:\/\/photowalkinglanzarote.es\/wp-content\/uploads\/slide-mobil-about-us-photo-walking-lanzarote.jpg&#8220; disabled_on=&#8220;off|off|on&#8220; _builder_version=&#8220;3.19.18&#8243;][\/et_pb_fullwidth_image][\/et_pb_section][et_pb_section fb_built=&#8220;1&#8243; _builder_version=&#8220;3.19.8&#8243;][et_pb_row _builder_version=&#8220;3.19.4&#8243;][et_pb_column type=&#8220;4_4&#8243; _builder_version=&#8220;3.19.4&#8243;][et_pb_text _builder_version=&#8220;3.19.8&#8243; text_font=&#8220;||||||||&#8220; text_text_color=&#8220;#383d42&#8243; text_line_height=&#8220;25px&#8220; header_font=&#8220;||||||||&#8220; header_text_color=&#8220;#000000&#8243; header_line_height=&#8220;45px&#8220; text_orientation=&#8220;center&#8220;]<\/p>\n<h1>\u00dcBER UNS: Photowalking Lanzarote<\/h1>\n<p>Photowalking Lanzarote \u2013 das ist nicht einfach ein Name oder ein Unternehmen. Es ist vielmehr ein Lebensgef\u00fchl, eine Philosophie.<\/p>\n<p>Du besuchst uns gerade hier, also bist Du ein Photowalker. Nur wei\u00dft Du das vielleicht noch nicht \u2026<\/p>\n<p>Liebst Du die Natur? Wanderungen in spektakul\u00e4rer Landschaft mit pittoresken Ortschaften voller Geschichte und Tradition? Dabei immer eine Kamera um den Hals oder das Handy bereit in Deiner Hand , um Pl\u00e4tze, Menschen, bedeutsame Denkm\u00e4ler und unvergessliche Momente einzufangen?<\/p>\n<p>Dann bist Du einer von uns. Du bist ein Photowalker!<\/p>\n<p>Photowalking Lanzarote blickt auf \u00fcber 20-j\u00e4hrige Erfahrungungen auf dem Gebiet der Fotografie zur\u00fcck, gesammelt auf unz\u00e4hligen Outdoor Trips in der ganzen Welt. Unser Ziel ist es, mit Euch unsere Leidenschaft zu teilen \u2013 f\u00fcr das Reisen, das Wandern und das Fotografieren.<\/p>\n<p>Auf Lanzarote, einem kostbaren Juwel mitten im Atlantischen Ozean, ist nichts unm\u00f6glich.<\/p>\n<p>Eine Insel durch die Elemente geformt, spricht sie von der Geschichte der Erde selbst.<\/p>\n<p>Millionen von Jahre haben ihr Antlitz gepr\u00e4gt mit den Spuren einer ungez\u00e4hmten Natur. Unber\u00fchrt und einzigartig in der Welt, \u00f6ffnet sie sich dem Liebhaber des Wanderns und der Fotografie wie eine Leinwand, auf der in jedem Winkel, den das Auge erfasst, ein spektakul\u00e4res Foto nur darauf wartet, geschossen zu werden.<\/p>\n<p>Mit unserer Erfahrung und Kenntnis der Materie, bieten wir Euch die M\u00f6glichkeit, Lanzarote auf eine v\u00f6llig neue und entspannte Weise zu entdecken.<\/p>\n<p>Wir f\u00fchren Euch an au\u00dfergew\u00f6hnliche Spots und beraten Euch permanent in allen Fragen der Technik und der Theorie des Fotografierens. Dabei stehen wir immer mit Rat und Tat zur Verf\u00fcgung, um Motive zu finden und Bilder auf hohem Niveau aufzunehmen.<\/p>\n<p>\u2013 Und all das w\u00e4hrend gem\u00fctlicher Exkursionen inmitten wundervollen Landschaften.-[\/et_pb_text][\/et_pb_column][\/et_pb_row][\/et_pb_section]<\/p>\n","protected":false},"excerpt":{"rendered":"<p>\u00dcBER UNS: Photowalking Lanzarote Photowalking Lanzarote \u2013 das ist nicht einfach ein Name oder ein Unternehmen. Es ist vielmehr ein Lebensgef\u00fchl, eine Philosophie. Du besuchst uns gerade hier, also bist Du ein Photowalker. Nur wei\u00dft Du das vielleicht noch nicht \u2026 Liebst Du die Natur? Wanderungen in spektakul\u00e4rer Landschaft mit pittoresken Ortschaften voller Geschichte und [&hellip;]<\/p>\n","protected":false},"author":1,"featured_media":0,"parent":0,"menu_order":0,"comment_status":"closed","ping_status":"closed","template":"","meta":{"_et_pb_use_builder":"on","_et_pb_old_content":"","_et_gb_content_width":"","footnotes":""},"class_list":["post-6945","page","type-page","status-publish","hentry"],"yoast_head":"<!-- This site is optimized with the Yoast SEO plugin v26.3 - https:\/\/yoast.com\/wordpress\/plugins\/seo\/ -->\n<title>\u00dcber uns - Photo Walking Lanzarote<\/title>\n<meta name=\"robots\" content=\"index, follow, max-snippet:-1, max-image-preview:large, max-video-preview:-1\" \/>\n<link rel=\"canonical\" href=\"https:\/\/photowalkinglanzarote.es\/de\/uber-uns\/\" \/>\n<meta property=\"og:locale\" content=\"de_DE\" \/>\n<meta property=\"og:type\" content=\"article\" \/>\n<meta property=\"og:title\" content=\"\u00dcber uns - Photo Walking Lanzarote\" \/>\n<meta property=\"og:description\" content=\"\u00dcBER UNS: Photowalking Lanzarote Photowalking Lanzarote \u2013 das ist nicht einfach ein Name oder ein Unternehmen. Es ist vielmehr ein Lebensgef\u00fchl, eine Philosophie. Du besuchst uns gerade hier, also bist Du ein Photowalker. Nur wei\u00dft Du das vielleicht noch nicht \u2026 Liebst Du die Natur? Wanderungen in spektakul\u00e4rer Landschaft mit pittoresken Ortschaften voller Geschichte und [&hellip;]\" \/>\n<meta property=\"og:url\" content=\"https:\/\/photowalkinglanzarote.es\/de\/uber-uns\/\" \/>\n<meta property=\"og:site_name\" content=\"Photo Walking Lanzarote\" \/>\n<meta property=\"article:modified_time\" content=\"2019-03-07T01:56:14+00:00\" \/>\n<meta name=\"twitter:card\" content=\"summary_large_image\" \/>\n<meta name=\"twitter:label1\" content=\"Gesch\u00e4tzte Lesezeit\" \/>\n\t<meta name=\"twitter:data1\" content=\"2\u00a0Minuten\" \/>\n<script type=\"application\/ld+json\" class=\"yoast-schema-graph\">{\"@context\":\"https:\/\/schema.org\",\"@graph\":[{\"@type\":\"WebPage\",\"@id\":\"https:\/\/photowalkinglanzarote.es\/de\/uber-uns\/\",\"url\":\"https:\/\/photowalkinglanzarote.es\/de\/uber-uns\/\",\"name\":\"\u00dcber uns - Photo Walking Lanzarote\",\"isPartOf\":{\"@id\":\"https:\/\/photowalkinglanzarote.es\/de\/#website\"},\"datePublished\":\"2019-01-28T02:07:53+00:00\",\"dateModified\":\"2019-03-07T01:56:14+00:00\",\"breadcrumb\":{\"@id\":\"https:\/\/photowalkinglanzarote.es\/de\/uber-uns\/#breadcrumb\"},\"inLanguage\":\"de\",\"potentialAction\":[{\"@type\":\"ReadAction\",\"target\":[\"https:\/\/photowalkinglanzarote.es\/de\/uber-uns\/\"]}]},{\"@type\":\"BreadcrumbList\",\"@id\":\"https:\/\/photowalkinglanzarote.es\/de\/uber-uns\/#breadcrumb\",\"itemListElement\":[{\"@type\":\"ListItem\",\"position\":1,\"name\":\"Home\",\"item\":\"https:\/\/photowalkinglanzarote.es\/de\/\"},{\"@type\":\"ListItem\",\"position\":2,\"name\":\"\u00dcber uns\"}]},{\"@type\":\"WebSite\",\"@id\":\"https:\/\/photowalkinglanzarote.es\/de\/#website\",\"url\":\"https:\/\/photowalkinglanzarote.es\/de\/\",\"name\":\"Photowalking Lanzarote\",\"description\":\"Photo Walking Lanzarote\",\"publisher\":{\"@id\":\"https:\/\/photowalkinglanzarote.es\/de\/#organization\"},\"potentialAction\":[{\"@type\":\"SearchAction\",\"target\":{\"@type\":\"EntryPoint\",\"urlTemplate\":\"https:\/\/photowalkinglanzarote.es\/de\/?s={search_term_string}\"},\"query-input\":{\"@type\":\"PropertyValueSpecification\",\"valueRequired\":true,\"valueName\":\"search_term_string\"}}],\"inLanguage\":\"de\"},{\"@type\":\"Organization\",\"@id\":\"https:\/\/photowalkinglanzarote.es\/de\/#organization\",\"name\":\"Photowalking Lanzarote\",\"url\":\"https:\/\/photowalkinglanzarote.es\/de\/\",\"logo\":{\"@type\":\"ImageObject\",\"inLanguage\":\"de\",\"@id\":\"https:\/\/photowalkinglanzarote.es\/de\/#\/schema\/logo\/image\/\",\"url\":\"https:\/\/photowalkinglanzarote.es\/wp-content\/uploads\/photowalking_logo_320x180_negative-1.png\",\"contentUrl\":\"https:\/\/photowalkinglanzarote.es\/wp-content\/uploads\/photowalking_logo_320x180_negative-1.png\",\"width\":350,\"height\":131,\"caption\":\"Photowalking Lanzarote\"},\"image\":{\"@id\":\"https:\/\/photowalkinglanzarote.es\/de\/#\/schema\/logo\/image\/\"},\"sameAs\":[\"https:\/\/www.instagram.com\/photowalkinglanzarote\/\"]}]}<\/script>\n<!-- \/ Yoast SEO plugin. -->","yoast_head_json":{"title":"\u00dcber uns - Photo Walking Lanzarote","robots":{"index":"index","follow":"follow","max-snippet":"max-snippet:-1","max-image-preview":"max-image-preview:large","max-video-preview":"max-video-preview:-1"},"canonical":"https:\/\/photowalkinglanzarote.es\/de\/uber-uns\/","og_locale":"de_DE","og_type":"article","og_title":"\u00dcber uns - Photo Walking Lanzarote","og_description":"\u00dcBER UNS: Photowalking Lanzarote Photowalking Lanzarote \u2013 das ist nicht einfach ein Name oder ein Unternehmen. Es ist vielmehr ein Lebensgef\u00fchl, eine Philosophie. Du besuchst uns gerade hier, also bist Du ein Photowalker. Nur wei\u00dft Du das vielleicht noch nicht \u2026 Liebst Du die Natur? Wanderungen in spektakul\u00e4rer Landschaft mit pittoresken Ortschaften voller Geschichte und [&hellip;]","og_url":"https:\/\/photowalkinglanzarote.es\/de\/uber-uns\/","og_site_name":"Photo Walking Lanzarote","article_modified_time":"2019-03-07T01:56:14+00:00","twitter_card":"summary_large_image","twitter_misc":{"Gesch\u00e4tzte Lesezeit":"2\u00a0Minuten"},"schema":{"@context":"https:\/\/schema.org","@graph":[{"@type":"WebPage","@id":"https:\/\/photowalkinglanzarote.es\/de\/uber-uns\/","url":"https:\/\/photowalkinglanzarote.es\/de\/uber-uns\/","name":"\u00dcber uns - Photo Walking Lanzarote","isPartOf":{"@id":"https:\/\/photowalkinglanzarote.es\/de\/#website"},"datePublished":"2019-01-28T02:07:53+00:00","dateModified":"2019-03-07T01:56:14+00:00","breadcrumb":{"@id":"https:\/\/photowalkinglanzarote.es\/de\/uber-uns\/#breadcrumb"},"inLanguage":"de","potentialAction":[{"@type":"ReadAction","target":["https:\/\/photowalkinglanzarote.es\/de\/uber-uns\/"]}]},{"@type":"BreadcrumbList","@id":"https:\/\/photowalkinglanzarote.es\/de\/uber-uns\/#breadcrumb","itemListElement":[{"@type":"ListItem","position":1,"name":"Home","item":"https:\/\/photowalkinglanzarote.es\/de\/"},{"@type":"ListItem","position":2,"name":"\u00dcber uns"}]},{"@type":"WebSite","@id":"https:\/\/photowalkinglanzarote.es\/de\/#website","url":"https:\/\/photowalkinglanzarote.es\/de\/","name":"Photowalking Lanzarote","description":"Photo Walking Lanzarote","publisher":{"@id":"https:\/\/photowalkinglanzarote.es\/de\/#organization"},"potentialAction":[{"@type":"SearchAction","target":{"@type":"EntryPoint","urlTemplate":"https:\/\/photowalkinglanzarote.es\/de\/?s={search_term_string}"},"query-input":{"@type":"PropertyValueSpecification","valueRequired":true,"valueName":"search_term_string"}}],"inLanguage":"de"},{"@type":"Organization","@id":"https:\/\/photowalkinglanzarote.es\/de\/#organization","name":"Photowalking Lanzarote","url":"https:\/\/photowalkinglanzarote.es\/de\/","logo":{"@type":"ImageObject","inLanguage":"de","@id":"https:\/\/photowalkinglanzarote.es\/de\/#\/schema\/logo\/image\/","url":"https:\/\/photowalkinglanzarote.es\/wp-content\/uploads\/photowalking_logo_320x180_negative-1.png","contentUrl":"https:\/\/photowalkinglanzarote.es\/wp-content\/uploads\/photowalking_logo_320x180_negative-1.png","width":350,"height":131,"caption":"Photowalking Lanzarote"},"image":{"@id":"https:\/\/photowalkinglanzarote.es\/de\/#\/schema\/logo\/image\/"},"sameAs":["https:\/\/www.instagram.com\/photowalkinglanzarote\/"]}]}},"_links":{"self":[{"href":"https:\/\/photowalkinglanzarote.es\/de\/wp-json\/wp\/v2\/pages\/6945","targetHints":{"allow":["GET"]}}],"collection":[{"href":"https:\/\/photowalkinglanzarote.es\/de\/wp-json\/wp\/v2\/pages"}],"about":[{"href":"https:\/\/photowalkinglanzarote.es\/de\/wp-json\/wp\/v2\/types\/page"}],"author":[{"embeddable":true,"href":"https:\/\/photowalkinglanzarote.es\/de\/wp-json\/wp\/v2\/users\/1"}],"replies":[{"embeddable":true,"href":"https:\/\/photowalkinglanzarote.es\/de\/wp-json\/wp\/v2\/comments?post=6945"}],"version-history":[{"count":5,"href":"https:\/\/photowalkinglanzarote.es\/de\/wp-json\/wp\/v2\/pages\/6945\/revisions"}],"predecessor-version":[{"id":8100,"href":"https:\/\/photowalkinglanzarote.es\/de\/wp-json\/wp\/v2\/pages\/6945\/revisions\/8100"}],"wp:attachment":[{"href":"https:\/\/photowalkinglanzarote.es\/de\/wp-json\/wp\/v2\/media?parent=6945"}],"curies":[{"name":"wp","href":"https:\/\/api.w.org\/{rel}","templated":true}]}}