{"id":6919,"date":"2019-01-28T02:32:13","date_gmt":"2019-01-28T01:32:13","guid":{"rendered":"https:\/\/photowalkinglanzarote.es\/?page_id=6919"},"modified":"2019-04-12T12:42:03","modified_gmt":"2019-04-12T10:42:03","slug":"home-2","status":"publish","type":"page","link":"https:\/\/photowalkinglanzarote.es\/de\/","title":{"rendered":"Home"},"content":{"rendered":"<p>[et_pb_section fb_built=&#8220;1&#8243; disabled_on=&#8220;off|off|off&#8220; _builder_version=&#8220;3.19.17&#8243; custom_padding=&#8220;0|0px|0|0px|false|false&#8220; locked=&#8220;off&#8220;][et_pb_row make_fullwidth=&#8220;on&#8220; use_custom_gutter=&#8220;on&#8220; gutter_width=&#8220;1&#8243; custom_padding=&#8220;0|0px|0|0px|false|false&#8220; _builder_version=&#8220;3.19.4&#8243;][et_pb_column type=&#8220;4_4&#8243; _builder_version=&#8220;3.0.47&#8243;][et_pb_gallery gallery_ids=&#8220;43,44,45,46,47,48,49,50,51,52,53,54&#8243; fullwidth=&#8220;on&#8220; disabled_on=&#8220;on|off|off&#8220; module_class=&#8220;disable-lightbox et_slider_auto_ignore_hover&#8220; _builder_version=&#8220;3.21&#8243; title_font=&#8220;||||||||&#8220; pagination_font=&#8220;||||||||&#8220; animation_style=&#8220;fade&#8220; auto=&#8220;on&#8220; auto_speed=&#8220;5000&#8243; saved_tabs=&#8220;all&#8220;]<br \/>\n[\/et_pb_gallery][et_pb_gallery gallery_ids=&#8220;8343,8347,8348,8371,8379,8358,8367,8375,8339,8381,8355,8340&#8243; fullwidth=&#8220;on&#8220; disabled_on=&#8220;off|on|on&#8220; module_class=&#8220;disable-lightbox&#8220; _builder_version=&#8220;3.21&#8243; locked=&#8220;off&#8220; auto=&#8220;on&#8220; auto_speed=&#8220;5000&#8243;][\/et_pb_gallery][\/et_pb_column][\/et_pb_row][\/et_pb_section][et_pb_section fb_built=&#8220;1&#8243; _builder_version=&#8220;3.19.4&#8243; background_color=&#8220;#383d42&#8243;][et_pb_row _builder_version=&#8220;3.19.4&#8243;][et_pb_column type=&#8220;4_4&#8243; _builder_version=&#8220;3.19.4&#8243;][et_pb_text _builder_version=&#8220;3.19.8&#8243; text_font=&#8220;||||||||&#8220; text_line_height=&#8220;25px&#8220; header_font=&#8220;||||||||&#8220; header_text_color=&#8220;#ffffff&#8220; header_line_height=&#8220;45px&#8220; text_orientation=&#8220;center&#8220;]<\/p>\n<h1>Wandere, fotografiere, entdecke die Insel Lanzarote auf einer unvergleichlichen Exkursion. -Eine individuelle Bereicherung Deines Kanaren Urlaubs.<br \/>\nLa\u00df Dir diese unvergesslichen Erlebnisse nicht entgehen. Buche jetzt Deine Photowaking Lanzarote Tour.<\/h1>\n<p>Liebst Du die Natur? Wanderungen in spektakul\u00e4rer Landschaft mit pittoresken Ortschaften voller Geschichte und Tradition?<br \/>\nMit den Photowaking Lanzarote Touren kannst Du die sch\u00f6nsten Winkel der Insel Lanzarote erkunden und unwiederbringliche Momente einfangen, auf einer Reise, die Du nicht vers\u00e4umen solltest.[\/et_pb_text][\/et_pb_column][\/et_pb_row][\/et_pb_section][et_pb_section fb_built=&#8220;1&#8243; _builder_version=&#8220;3.19.4&#8243; background_color=&#8220;#23282d&#8220;][et_pb_row _builder_version=&#8220;3.19.4&#8243;][et_pb_column type=&#8220;4_4&#8243; _builder_version=&#8220;3.19.4&#8243;][et_pb_text _builder_version=&#8220;3.19.8&#8243; text_font=&#8220;||||||||&#8220; text_line_height=&#8220;25px&#8220; header_2_font=&#8220;||||||||&#8220; header_2_text_color=&#8220;#ffffff&#8220; header_3_font=&#8220;|700|||||||&#8220; header_3_text_color=&#8220;#ffffff&#8220; text_orientation=&#8220;center&#8220;]<\/p>\n<h2>Fotografische Tour Lanzarote<\/h2>\n<p>[\/et_pb_text][\/et_pb_column][\/et_pb_row][et_pb_row _builder_version=&#8220;3.19.4&#8243;][et_pb_column type=&#8220;1_3&#8243; _builder_version=&#8220;3.19.4&#8243;][et_pb_blurb title=&#8220;Fotografische Tour Lanzarote Nord&#8220; image=&#8220;https:\/\/photowalkinglanzarote.es\/wp-content\/uploads\/content-home-photo-walking-lanzarote-tour-north.jpg&#8220; _builder_version=&#8220;3.19.17&#8243; header_level=&#8220;h3&#8243; header_font=&#8220;||||||||&#8220; header_text_color=&#8220;#dd9933&#8243; header_line_height=&#8220;32px&#8220; body_font=&#8220;||||||||&#8220; body_line_height=&#8220;25px&#8220; link_option_url=&#8220;\/de\/nordtour&#8220;]<\/p>\n<p>Buche die Tour durch den Norden Lanzarotes, und Du wirst atemberaubende Ausblicke auf das Archipel Chinijo, Steilk\u00fcsten \u00fcber dem Atlantischen Ozean, Fischerd\u00f6rfer und wilde Str\u00e4nde geniessen. Von einer Sch\u00f6nheit, die Du Dir auf keinen Fall entgehenlassen solltest. Wandere und fotografiere mit uns. <span style=\"color: #f59d00;\">+<\/span><\/p>\n<div class=\"wpb_column vc_column_container cms-sameheight vc_col-sm-4 cms_animate\">\n<div class=\"vc_column-inner \">\n<div class=\"wpb_wrapper\">\n<div class=\"wpb_text_column wpb_content_element \">\n<div class=\"wpb_wrapper\"><\/div>\n<\/div>\n<\/div>\n<\/div>\n<\/div>\n<p>[\/et_pb_blurb][\/et_pb_column][et_pb_column type=&#8220;1_3&#8243; _builder_version=&#8220;3.19.4&#8243;][et_pb_blurb title=&#8220;Fotografische Tour Lanzarote S\u00fcd&#8220; image=&#8220;https:\/\/photowalkinglanzarote.es\/wp-content\/uploads\/content-home-photo-walking-lanzarote-tour-south.jpg&#8220; _builder_version=&#8220;3.19.17&#8243; header_level=&#8220;h3&#8243; header_font=&#8220;||||||||&#8220; header_text_color=&#8220;#dd9933&#8243; header_line_height=&#8220;32px&#8220; body_font=&#8220;||||||||&#8220; body_line_height=&#8220;25px&#8220; link_option_url=&#8220;\/de\/photowalking-lanzarote-suedtour\/&#8220; locked=&#8220;off&#8220;]<\/p>\n<p>Buche die Tour durch den S\u00fcden Lanzarotes gef\u00fchrt con Photowalking Lanzarote. Wir durchkreuzen das Weinbaugebiet La Geria mit den typischen Weinreben Lanzarotes und erreichen die Salinen de Janubio, den \u201cgr\u00fcnen Kratersee\u201d Charco de los Clicos und die Papagayo Str\u00e4nde, wo wir einmalige Fotos aufnehmen. <span style=\"color: #f59d00;\">+<\/span><\/p>\n<p>[\/et_pb_blurb][\/et_pb_column][et_pb_column type=&#8220;1_3&#8243; _builder_version=&#8220;3.19.4&#8243;][et_pb_blurb title=&#8220;Fotografische Tour Lanzarote Vulkan&#8220; image=&#8220;https:\/\/photowalkinglanzarote.es\/wp-content\/uploads\/content-home-photo-walking-lanzarote-tour-vulcano.jpg&#8220; _builder_version=&#8220;3.19.17&#8243; header_level=&#8220;h3&#8243; header_font=&#8220;||||||||&#8220; header_text_color=&#8220;#dd9933&#8243; header_line_height=&#8220;32px&#8220; body_font=&#8220;||||||||&#8220; body_line_height=&#8220;25px&#8220; link_option_url=&#8220;\/de\/photowalking-vulkan-tour\/&#8220; locked=&#8220;off&#8220;]<\/p>\n<p>Buche die Tour durch die Vulkanlandschaft Lanzarotes mit Photowalking Lanzarote. Wir tauchen ein in ein Szenario, das wie vom Planeten Mars anmutet, wo beeindruckende Vulkane, erkaltete Lavastr\u00f6me und verlassene D\u00f6rfer das B\u00fchnenbild f\u00fcr unsere Exkursion und unsere Fotos entstehen lassen. <span style=\"color: #f59d00;\">+<\/span><\/p>\n<p>[\/et_pb_blurb][\/et_pb_column][\/et_pb_row][et_pb_row _builder_version=&#8220;3.19.4&#8243;][et_pb_column type=&#8220;1_3&#8243; _builder_version=&#8220;3.19.4&#8243;][et_pb_blurb title=&#8220;Fotografische Tour Lanzarote Sonnenuntergang&#8220; image=&#8220;https:\/\/photowalkinglanzarote.es\/wp-content\/uploads\/content-home-photo-walking-lanzarote-tour-sunset.jpg&#8220; _builder_version=&#8220;3.21&#8243; header_level=&#8220;h3&#8243; header_font=&#8220;||||||||&#8220; header_text_color=&#8220;#dd9933&#8243; header_line_height=&#8220;32px&#8220; body_font=&#8220;||||||||&#8220; body_line_height=&#8220;25px&#8220; link_option_url=&#8220;\/de\/sonnenuntergang-tour\/&#8220;]<\/p>\n<p>Mit der Buchung der Sonnenuntergang-Tour bieten wir Euch auf Lanzarote ausreichend kurze Wanderstercken, um die atemberaubendsten Pl\u00e4tze der Insel zu erreichen und die sch\u00f6nsten Sonnenunterg\u00e4nge Eurer Reise zu fotografieren. <span style=\"color: #f59d00;\">+<\/span><\/p>\n<p>[\/et_pb_blurb][\/et_pb_column][et_pb_column type=&#8220;1_3&#8243; _builder_version=&#8220;3.19.4&#8243;][et_pb_blurb title=&#8220;Fotografische Tour Lanzarote Privat&#8220; image=&#8220;https:\/\/photowalkinglanzarote.es\/wp-content\/uploads\/content-home-photo-walking-lanzarote-tour-private.jpg&#8220; _builder_version=&#8220;3.21&#8243; header_level=&#8220;h3&#8243; header_font=&#8220;||||||||&#8220; header_text_color=&#8220;#dd9933&#8243; header_line_height=&#8220;32px&#8220; body_font=&#8220;||||||||&#8220; body_line_height=&#8220;25px&#8220; link_option_url=&#8220;\/de\/photowalking-lanzarote-privat-tour\/&#8220; locked=&#8220;off&#8220;]<\/p>\n<p>Die private Lanzarote Tour mit Photowalking Lanzarote zu buchen, ist die beste Art , die Insel Lanzarote auf eine einzigartige und entspannte Weise zu entdecken.<br \/> Mit unserer vollen Aufmerksamkeit in intimer Atmosph\u00e4re, gen\u00fcgend Zeit und ausgew\u00e4hlten Wanderstrecken \u2013 f\u00fcr die Anforderungen in Familie, unter Freunden oder ALLEIN. Wandere und fotografiere mit uns! <span style=\"color: #f59d00;\">+<\/span><\/p>\n<p>[\/et_pb_blurb][\/et_pb_column][et_pb_column type=&#8220;1_3&#8243; _builder_version=&#8220;3.19.4&#8243;][\/et_pb_column][\/et_pb_row][\/et_pb_section][et_pb_section fb_built=&#8220;1&#8243; _builder_version=&#8220;3.19.7&#8243; background_color=&#8220;#383d42&#8243;][et_pb_row _builder_version=&#8220;3.19.7&#8243;][et_pb_column type=&#8220;4_4&#8243; _builder_version=&#8220;3.19.7&#8243;][et_pb_text _builder_version=&#8220;3.19.8&#8243; text_font=&#8220;||||||||&#8220; header_2_font=&#8220;||||||||&#8220; header_2_text_color=&#8220;#ffffff&#8220; text_orientation=&#8220;center&#8220;]<\/p>\n<h2>Mit den Liebhabern des Wanderns und der Fotografie vor einer B\u00fchne, beherrscht von der wilden Natur der unber\u00fchrten Sch\u00f6nheit der Insel Lanzarote, wartet ein atemberaubendes Foto nur darauf, von dir geschossen zu werden\u2026..<\/h2>\n<p>[\/et_pb_text][et_pb_text _builder_version=&#8220;3.19.8&#8243; text_font=&#8220;||||||||&#8220; text_orientation=&#8220;center&#8220;]Buche eine gef\u00fchrte Wandertour mit Photowalking Lanzarote, und sie wird Deine Erwartungen mehr als erf\u00fcllen.[\/et_pb_text][\/et_pb_column][\/et_pb_row][\/et_pb_section]<\/p>\n","protected":false},"excerpt":{"rendered":"<p>Wandere, fotografiere, entdecke die Insel Lanzarote auf einer unvergleichlichen Exkursion. -Eine individuelle Bereicherung Deines Kanaren Urlaubs. La\u00df Dir diese unvergesslichen Erlebnisse nicht entgehen. Buche jetzt Deine Photowaking Lanzarote Tour. Liebst Du die Natur? Wanderungen in spektakul\u00e4rer Landschaft mit pittoresken Ortschaften voller Geschichte und Tradition? Mit den Photowaking Lanzarote Touren kannst Du die sch\u00f6nsten Winkel der [&hellip;]<\/p>\n","protected":false},"author":1,"featured_media":0,"parent":0,"menu_order":0,"comment_status":"closed","ping_status":"open","template":"","meta":{"_et_pb_use_builder":"on","_et_pb_old_content":"","_et_gb_content_width":"","footnotes":""},"class_list":["post-6919","page","type-page","status-publish","hentry"],"yoast_head":"<!-- This site is optimized with the Yoast SEO plugin v26.3 - https:\/\/yoast.com\/wordpress\/plugins\/seo\/ -->\n<title>Home - Photo Walking Lanzarote<\/title>\n<meta name=\"robots\" content=\"index, follow, max-snippet:-1, max-image-preview:large, max-video-preview:-1\" \/>\n<link rel=\"canonical\" href=\"https:\/\/photowalkinglanzarote.es\/de\/\" \/>\n<meta property=\"og:locale\" content=\"de_DE\" \/>\n<meta property=\"og:type\" content=\"article\" \/>\n<meta property=\"og:title\" content=\"Home - Photo Walking Lanzarote\" \/>\n<meta property=\"og:description\" content=\"Wandere, fotografiere, entdecke die Insel Lanzarote auf einer unvergleichlichen Exkursion. -Eine individuelle Bereicherung Deines Kanaren Urlaubs. La\u00df Dir diese unvergesslichen Erlebnisse nicht entgehen. Buche jetzt Deine Photowaking Lanzarote Tour. Liebst Du die Natur? Wanderungen in spektakul\u00e4rer Landschaft mit pittoresken Ortschaften voller Geschichte und Tradition? Mit den Photowaking Lanzarote Touren kannst Du die sch\u00f6nsten Winkel der [&hellip;]\" \/>\n<meta property=\"og:url\" content=\"https:\/\/photowalkinglanzarote.es\/de\/\" \/>\n<meta property=\"og:site_name\" content=\"Photo Walking Lanzarote\" \/>\n<meta property=\"article:modified_time\" content=\"2019-04-12T10:42:03+00:00\" \/>\n<meta name=\"twitter:card\" content=\"summary_large_image\" \/>\n<meta name=\"twitter:label1\" content=\"Gesch\u00e4tzte Lesezeit\" \/>\n\t<meta name=\"twitter:data1\" content=\"5\u00a0Minuten\" \/>\n<script type=\"application\/ld+json\" class=\"yoast-schema-graph\">{\"@context\":\"https:\/\/schema.org\",\"@graph\":[{\"@type\":\"WebPage\",\"@id\":\"https:\/\/photowalkinglanzarote.es\/de\/\",\"url\":\"https:\/\/photowalkinglanzarote.es\/de\/\",\"name\":\"Home - Photo Walking Lanzarote\",\"isPartOf\":{\"@id\":\"https:\/\/photowalkinglanzarote.es\/de\/#website\"},\"datePublished\":\"2019-01-28T01:32:13+00:00\",\"dateModified\":\"2019-04-12T10:42:03+00:00\",\"breadcrumb\":{\"@id\":\"https:\/\/photowalkinglanzarote.es\/de\/#breadcrumb\"},\"inLanguage\":\"de\",\"potentialAction\":[{\"@type\":\"ReadAction\",\"target\":[\"https:\/\/photowalkinglanzarote.es\/de\/\"]}]},{\"@type\":\"BreadcrumbList\",\"@id\":\"https:\/\/photowalkinglanzarote.es\/de\/#breadcrumb\",\"itemListElement\":[{\"@type\":\"ListItem\",\"position\":1,\"name\":\"Home\",\"item\":\"https:\/\/photowalkinglanzarote.es\/de\/\"},{\"@type\":\"ListItem\",\"position\":2,\"name\":\"Home\"}]},{\"@type\":\"WebSite\",\"@id\":\"https:\/\/photowalkinglanzarote.es\/de\/#website\",\"url\":\"https:\/\/photowalkinglanzarote.es\/de\/\",\"name\":\"Photowalking Lanzarote\",\"description\":\"Photo Walking Lanzarote\",\"publisher\":{\"@id\":\"https:\/\/photowalkinglanzarote.es\/de\/#organization\"},\"potentialAction\":[{\"@type\":\"SearchAction\",\"target\":{\"@type\":\"EntryPoint\",\"urlTemplate\":\"https:\/\/photowalkinglanzarote.es\/de\/?s={search_term_string}\"},\"query-input\":{\"@type\":\"PropertyValueSpecification\",\"valueRequired\":true,\"valueName\":\"search_term_string\"}}],\"inLanguage\":\"de\"},{\"@type\":\"Organization\",\"@id\":\"https:\/\/photowalkinglanzarote.es\/de\/#organization\",\"name\":\"Photowalking Lanzarote\",\"url\":\"https:\/\/photowalkinglanzarote.es\/de\/\",\"logo\":{\"@type\":\"ImageObject\",\"inLanguage\":\"de\",\"@id\":\"https:\/\/photowalkinglanzarote.es\/de\/#\/schema\/logo\/image\/\",\"url\":\"https:\/\/photowalkinglanzarote.es\/wp-content\/uploads\/photowalking_logo_320x180_negative-1.png\",\"contentUrl\":\"https:\/\/photowalkinglanzarote.es\/wp-content\/uploads\/photowalking_logo_320x180_negative-1.png\",\"width\":350,\"height\":131,\"caption\":\"Photowalking Lanzarote\"},\"image\":{\"@id\":\"https:\/\/photowalkinglanzarote.es\/de\/#\/schema\/logo\/image\/\"},\"sameAs\":[\"https:\/\/www.instagram.com\/photowalkinglanzarote\/\"]}]}<\/script>\n<!-- \/ Yoast SEO plugin. -->","yoast_head_json":{"title":"Home - Photo Walking Lanzarote","robots":{"index":"index","follow":"follow","max-snippet":"max-snippet:-1","max-image-preview":"max-image-preview:large","max-video-preview":"max-video-preview:-1"},"canonical":"https:\/\/photowalkinglanzarote.es\/de\/","og_locale":"de_DE","og_type":"article","og_title":"Home - Photo Walking Lanzarote","og_description":"Wandere, fotografiere, entdecke die Insel Lanzarote auf einer unvergleichlichen Exkursion. -Eine individuelle Bereicherung Deines Kanaren Urlaubs. La\u00df Dir diese unvergesslichen Erlebnisse nicht entgehen. Buche jetzt Deine Photowaking Lanzarote Tour. Liebst Du die Natur? Wanderungen in spektakul\u00e4rer Landschaft mit pittoresken Ortschaften voller Geschichte und Tradition? Mit den Photowaking Lanzarote Touren kannst Du die sch\u00f6nsten Winkel der [&hellip;]","og_url":"https:\/\/photowalkinglanzarote.es\/de\/","og_site_name":"Photo Walking Lanzarote","article_modified_time":"2019-04-12T10:42:03+00:00","twitter_card":"summary_large_image","twitter_misc":{"Gesch\u00e4tzte Lesezeit":"5\u00a0Minuten"},"schema":{"@context":"https:\/\/schema.org","@graph":[{"@type":"WebPage","@id":"https:\/\/photowalkinglanzarote.es\/de\/","url":"https:\/\/photowalkinglanzarote.es\/de\/","name":"Home - Photo Walking Lanzarote","isPartOf":{"@id":"https:\/\/photowalkinglanzarote.es\/de\/#website"},"datePublished":"2019-01-28T01:32:13+00:00","dateModified":"2019-04-12T10:42:03+00:00","breadcrumb":{"@id":"https:\/\/photowalkinglanzarote.es\/de\/#breadcrumb"},"inLanguage":"de","potentialAction":[{"@type":"ReadAction","target":["https:\/\/photowalkinglanzarote.es\/de\/"]}]},{"@type":"BreadcrumbList","@id":"https:\/\/photowalkinglanzarote.es\/de\/#breadcrumb","itemListElement":[{"@type":"ListItem","position":1,"name":"Home","item":"https:\/\/photowalkinglanzarote.es\/de\/"},{"@type":"ListItem","position":2,"name":"Home"}]},{"@type":"WebSite","@id":"https:\/\/photowalkinglanzarote.es\/de\/#website","url":"https:\/\/photowalkinglanzarote.es\/de\/","name":"Photowalking Lanzarote","description":"Photo Walking Lanzarote","publisher":{"@id":"https:\/\/photowalkinglanzarote.es\/de\/#organization"},"potentialAction":[{"@type":"SearchAction","target":{"@type":"EntryPoint","urlTemplate":"https:\/\/photowalkinglanzarote.es\/de\/?s={search_term_string}"},"query-input":{"@type":"PropertyValueSpecification","valueRequired":true,"valueName":"search_term_string"}}],"inLanguage":"de"},{"@type":"Organization","@id":"https:\/\/photowalkinglanzarote.es\/de\/#organization","name":"Photowalking Lanzarote","url":"https:\/\/photowalkinglanzarote.es\/de\/","logo":{"@type":"ImageObject","inLanguage":"de","@id":"https:\/\/photowalkinglanzarote.es\/de\/#\/schema\/logo\/image\/","url":"https:\/\/photowalkinglanzarote.es\/wp-content\/uploads\/photowalking_logo_320x180_negative-1.png","contentUrl":"https:\/\/photowalkinglanzarote.es\/wp-content\/uploads\/photowalking_logo_320x180_negative-1.png","width":350,"height":131,"caption":"Photowalking Lanzarote"},"image":{"@id":"https:\/\/photowalkinglanzarote.es\/de\/#\/schema\/logo\/image\/"},"sameAs":["https:\/\/www.instagram.com\/photowalkinglanzarote\/"]}]}},"_links":{"self":[{"href":"https:\/\/photowalkinglanzarote.es\/de\/wp-json\/wp\/v2\/pages\/6919","targetHints":{"allow":["GET"]}}],"collection":[{"href":"https:\/\/photowalkinglanzarote.es\/de\/wp-json\/wp\/v2\/pages"}],"about":[{"href":"https:\/\/photowalkinglanzarote.es\/de\/wp-json\/wp\/v2\/types\/page"}],"author":[{"embeddable":true,"href":"https:\/\/photowalkinglanzarote.es\/de\/wp-json\/wp\/v2\/users\/1"}],"replies":[{"embeddable":true,"href":"https:\/\/photowalkinglanzarote.es\/de\/wp-json\/wp\/v2\/comments?post=6919"}],"version-history":[{"count":4,"href":"https:\/\/photowalkinglanzarote.es\/de\/wp-json\/wp\/v2\/pages\/6919\/revisions"}],"predecessor-version":[{"id":8516,"href":"https:\/\/photowalkinglanzarote.es\/de\/wp-json\/wp\/v2\/pages\/6919\/revisions\/8516"}],"wp:attachment":[{"href":"https:\/\/photowalkinglanzarote.es\/de\/wp-json\/wp\/v2\/media?parent=6919"}],"curies":[{"name":"wp","href":"https:\/\/api.w.org\/{rel}","templated":true}]}}